{"id":1361,"date":"2023-03-29T17:35:59","date_gmt":"2023-03-29T15:35:59","guid":{"rendered":"https:\/\/pelegrini.hr\/proizvodi\/kuvi-vertical\/"},"modified":"2025-03-26T14:49:23","modified_gmt":"2025-03-26T13:49:23","slug":"kuvi-vertikala","status":"publish","type":"product","link":"https:\/\/pelegrini.hr\/en\/products\/kuvi-vertikala\/","title":{"rendered":"KUVI vertical"},"content":{"rendered":"<p><strong>KUVI 2017<\/strong><br \/>\nGrape variety: 80% Kujund\u017eu\u0161a, 20% Viognier<br \/>\nLocation: Vu\u010dja draga vineyard, Imotski<br \/>\nVinification: maceration for 2 days in stainless steel, alcoholic fermentation for 9 days in Slavonian oak barrels<br \/>\nAging: 10 months in used Slavonian oak barriques on fine lees<\/p>\n<p><strong>KUVI 2018<\/strong><br \/>\nGrape variety: 80% Kujund\u017eu\u0161a, 20% Viognier<br \/>\nLocation: Vu\u010dja draga vineyard, Imotski<br \/>\nVinification: maceration for 4 hours in stainless steel, alcoholic fermentation for 7 days in Slavonian oak barrels<br \/>\nAging: 1 year in used Slavonian and American oak barriques on fine lees<\/p>\n<p><strong>KUVI 2019<\/strong><br \/>\nGrape variety: 80% Kujund\u017eu\u0161a, 20% Viognier<br \/>\nLocation: Vu\u010dja draga vineyard, Imotski<br \/>\nVinification: maceration for 2 hours, alcoholic fermentation for 10 days in Slavonian oak barrels<br \/>\nAging: 1 year in used Slavonian oak barriques on fine lees<\/p>\n","protected":false},"excerpt":{"rendered":"<p><strong>PREPORUKE ZA SLJUBLJIVANJE UZ HRANU<\/strong><br \/>\n<strong>MEAT:<\/strong> chicken<br \/>\n<strong>FISH:<\/strong> shrimp, scallop, flounder, sole, octopus, trout<br \/>\n<strong>SPICES:<\/strong> basil, mint, lemon, lime, onion, ginger, saffron, coriander, cumin, sesame, poppy seeds, fennel, nutmeg<br \/>\n<strong>VEGETABLES:<\/strong> carrot, cucumber, avocado, lettuce, celery, onion, cabbage, cauliflower, potato<br \/>\n<strong>FRUITS:<\/strong> plum, orange, grapefruit<\/p>\n","protected":false},"featured_media":1497,"template":"","meta":[],"product_brand":[],"product_cat":[39],"product_tag":[40],"class_list":{"0":"post-1361","1":"product","2":"type-product","3":"status-publish","4":"has-post-thumbnail","6":"product_cat-wine","7":"product_tag-wine","9":"first","10":"instock","11":"taxable","12":"shipping-taxable","13":"purchasable","14":"product-type-simple"},"yoast_head":"<!-- This site is optimized with the Yoast SEO plugin v24.8.1 - https:\/\/yoast.com\/wordpress\/plugins\/seo\/ -->\n<title>KUVI vertical - Pelegrini<\/title>\n<meta name=\"description\" content=\"KUVI vertical - KUVI 2017, KUVI 2018, KUVI 2019, Grape variety: 80% Kujund\u017eu\u0161a, 20% Viognier. Position: Vu\u010dja draga vineyard, Imotski\" \/>\n<meta name=\"robots\" content=\"index, follow, max-snippet:-1, max-image-preview:large, max-video-preview:-1\" \/>\n<link rel=\"canonical\" href=\"https:\/\/pelegrini.hr\/en\/products\/kuvi-vertikala\/\" \/>\n<meta property=\"og:locale\" content=\"en_US\" \/>\n<meta property=\"og:type\" content=\"article\" \/>\n<meta property=\"og:title\" content=\"KUVI vertical - Pelegrini\" \/>\n<meta property=\"og:description\" content=\"KUVI vertical - KUVI 2017, KUVI 2018, KUVI 2019, Grape variety: 80% Kujund\u017eu\u0161a, 20% Viognier. Position: Vu\u010dja draga vineyard, Imotski\" \/>\n<meta property=\"og:url\" content=\"https:\/\/pelegrini.hr\/en\/products\/kuvi-vertikala\/\" \/>\n<meta property=\"og:site_name\" content=\"Pelegrini\" \/>\n<meta property=\"article:publisher\" content=\"https:\/\/www.facebook.com\/pelegrini.sibenik\/\" \/>\n<meta property=\"article:modified_time\" content=\"2025-03-26T13:49:23+00:00\" \/>\n<meta property=\"og:image\" content=\"https:\/\/pelegrini.hr\/wp-content\/uploads\/2023\/03\/Pelegrini-Kuvi.jpg\" \/>\n\t<meta property=\"og:image:width\" content=\"1381\" \/>\n\t<meta property=\"og:image:height\" content=\"1689\" \/>\n\t<meta property=\"og:image:type\" content=\"image\/jpeg\" \/>\n<meta name=\"twitter:card\" content=\"summary_large_image\" \/>\n<meta name=\"twitter:label1\" content=\"Est. reading time\" \/>\n\t<meta name=\"twitter:data1\" content=\"1 minute\" \/>\n<script type=\"application\/ld+json\" class=\"yoast-schema-graph\">{\"@context\":\"https:\/\/schema.org\",\"@graph\":[{\"@type\":\"WebPage\",\"@id\":\"https:\/\/pelegrini.hr\/en\/products\/kuvi-vertikala\/\",\"url\":\"https:\/\/pelegrini.hr\/en\/products\/kuvi-vertikala\/\",\"name\":\"KUVI vertical - Pelegrini\",\"isPartOf\":{\"@id\":\"https:\/\/pelegrini.hr\/en\/#website\"},\"primaryImageOfPage\":{\"@id\":\"https:\/\/pelegrini.hr\/en\/products\/kuvi-vertikala\/#primaryimage\"},\"image\":{\"@id\":\"https:\/\/pelegrini.hr\/en\/products\/kuvi-vertikala\/#primaryimage\"},\"thumbnailUrl\":\"https:\/\/pelegrini.hr\/wp-content\/uploads\/2023\/03\/Pelegrini-Kuvi.jpg\",\"datePublished\":\"2023-03-29T15:35:59+00:00\",\"dateModified\":\"2025-03-26T13:49:23+00:00\",\"description\":\"KUVI vertical - KUVI 2017, KUVI 2018, KUVI 2019, Grape variety: 80% Kujund\u017eu\u0161a, 20% Viognier. Position: Vu\u010dja draga vineyard, Imotski\",\"breadcrumb\":{\"@id\":\"https:\/\/pelegrini.hr\/en\/products\/kuvi-vertikala\/#breadcrumb\"},\"inLanguage\":\"en-US\",\"potentialAction\":[{\"@type\":\"ReadAction\",\"target\":[\"https:\/\/pelegrini.hr\/en\/products\/kuvi-vertikala\/\"]}]},{\"@type\":\"ImageObject\",\"inLanguage\":\"en-US\",\"@id\":\"https:\/\/pelegrini.hr\/en\/products\/kuvi-vertikala\/#primaryimage\",\"url\":\"https:\/\/pelegrini.hr\/wp-content\/uploads\/2023\/03\/Pelegrini-Kuvi.jpg\",\"contentUrl\":\"https:\/\/pelegrini.hr\/wp-content\/uploads\/2023\/03\/Pelegrini-Kuvi.jpg\",\"width\":1381,\"height\":1689,\"caption\":\"Pelegrini Kuvi\"},{\"@type\":\"BreadcrumbList\",\"@id\":\"https:\/\/pelegrini.hr\/en\/products\/kuvi-vertikala\/#breadcrumb\",\"itemListElement\":[{\"@type\":\"ListItem\",\"position\":1,\"name\":\"Po\u010detna stranica\",\"item\":\"https:\/\/pelegrini.hr\/en\/home\/\"},{\"@type\":\"ListItem\",\"position\":2,\"name\":\"PELEGRINI WINES\",\"item\":\"https:\/\/pelegrini.hr\/en\/pelegrini-wines\/\"},{\"@type\":\"ListItem\",\"position\":3,\"name\":\"KUVI vertical\"}]},{\"@type\":\"WebSite\",\"@id\":\"https:\/\/pelegrini.hr\/en\/#website\",\"url\":\"https:\/\/pelegrini.hr\/en\/\",\"name\":\"Pelegrini\",\"description\":\"tavern & wine shop | mediterranean fine dining\",\"publisher\":{\"@id\":\"https:\/\/pelegrini.hr\/en\/#organization\"},\"potentialAction\":[{\"@type\":\"SearchAction\",\"target\":{\"@type\":\"EntryPoint\",\"urlTemplate\":\"https:\/\/pelegrini.hr\/en\/?s={search_term_string}\"},\"query-input\":{\"@type\":\"PropertyValueSpecification\",\"valueRequired\":true,\"valueName\":\"search_term_string\"}}],\"inLanguage\":\"en-US\"},{\"@type\":\"Organization\",\"@id\":\"https:\/\/pelegrini.hr\/en\/#organization\",\"name\":\"Pelegrini\",\"url\":\"https:\/\/pelegrini.hr\/en\/\",\"logo\":{\"@type\":\"ImageObject\",\"inLanguage\":\"en-US\",\"@id\":\"https:\/\/pelegrini.hr\/en\/#\/schema\/logo\/image\/\",\"url\":\"https:\/\/pelegrini.hr\/wp-content\/uploads\/2025\/04\/cropped-cropped-Pelegrini-logo-25.png\",\"contentUrl\":\"https:\/\/pelegrini.hr\/wp-content\/uploads\/2025\/04\/cropped-cropped-Pelegrini-logo-25.png\",\"width\":360,\"height\":183,\"caption\":\"Pelegrini\"},\"image\":{\"@id\":\"https:\/\/pelegrini.hr\/en\/#\/schema\/logo\/image\/\"},\"sameAs\":[\"https:\/\/www.facebook.com\/pelegrini.sibenik\/\",\"https:\/\/www.instagram.com\/pelegrini_sibenik\/\"]}]}<\/script>\n<!-- \/ Yoast SEO plugin. -->","yoast_head_json":{"title":"KUVI vertical - Pelegrini","description":"KUVI vertical - KUVI 2017, KUVI 2018, KUVI 2019, Grape variety: 80% Kujund\u017eu\u0161a, 20% Viognier. Position: Vu\u010dja draga vineyard, Imotski","robots":{"index":"index","follow":"follow","max-snippet":"max-snippet:-1","max-image-preview":"max-image-preview:large","max-video-preview":"max-video-preview:-1"},"canonical":"https:\/\/pelegrini.hr\/en\/products\/kuvi-vertikala\/","og_locale":"en_US","og_type":"article","og_title":"KUVI vertical - Pelegrini","og_description":"KUVI vertical - KUVI 2017, KUVI 2018, KUVI 2019, Grape variety: 80% Kujund\u017eu\u0161a, 20% Viognier. Position: Vu\u010dja draga vineyard, Imotski","og_url":"https:\/\/pelegrini.hr\/en\/products\/kuvi-vertikala\/","og_site_name":"Pelegrini","article_publisher":"https:\/\/www.facebook.com\/pelegrini.sibenik\/","article_modified_time":"2025-03-26T13:49:23+00:00","og_image":[{"width":1381,"height":1689,"url":"https:\/\/pelegrini.hr\/wp-content\/uploads\/2023\/03\/Pelegrini-Kuvi.jpg","type":"image\/jpeg"}],"twitter_card":"summary_large_image","twitter_misc":{"Est. reading time":"1 minute"},"schema":{"@context":"https:\/\/schema.org","@graph":[{"@type":"WebPage","@id":"https:\/\/pelegrini.hr\/en\/products\/kuvi-vertikala\/","url":"https:\/\/pelegrini.hr\/en\/products\/kuvi-vertikala\/","name":"KUVI vertical - Pelegrini","isPartOf":{"@id":"https:\/\/pelegrini.hr\/en\/#website"},"primaryImageOfPage":{"@id":"https:\/\/pelegrini.hr\/en\/products\/kuvi-vertikala\/#primaryimage"},"image":{"@id":"https:\/\/pelegrini.hr\/en\/products\/kuvi-vertikala\/#primaryimage"},"thumbnailUrl":"https:\/\/pelegrini.hr\/wp-content\/uploads\/2023\/03\/Pelegrini-Kuvi.jpg","datePublished":"2023-03-29T15:35:59+00:00","dateModified":"2025-03-26T13:49:23+00:00","description":"KUVI vertical - KUVI 2017, KUVI 2018, KUVI 2019, Grape variety: 80% Kujund\u017eu\u0161a, 20% Viognier. Position: Vu\u010dja draga vineyard, Imotski","breadcrumb":{"@id":"https:\/\/pelegrini.hr\/en\/products\/kuvi-vertikala\/#breadcrumb"},"inLanguage":"en-US","potentialAction":[{"@type":"ReadAction","target":["https:\/\/pelegrini.hr\/en\/products\/kuvi-vertikala\/"]}]},{"@type":"ImageObject","inLanguage":"en-US","@id":"https:\/\/pelegrini.hr\/en\/products\/kuvi-vertikala\/#primaryimage","url":"https:\/\/pelegrini.hr\/wp-content\/uploads\/2023\/03\/Pelegrini-Kuvi.jpg","contentUrl":"https:\/\/pelegrini.hr\/wp-content\/uploads\/2023\/03\/Pelegrini-Kuvi.jpg","width":1381,"height":1689,"caption":"Pelegrini Kuvi"},{"@type":"BreadcrumbList","@id":"https:\/\/pelegrini.hr\/en\/products\/kuvi-vertikala\/#breadcrumb","itemListElement":[{"@type":"ListItem","position":1,"name":"Po\u010detna stranica","item":"https:\/\/pelegrini.hr\/en\/home\/"},{"@type":"ListItem","position":2,"name":"PELEGRINI WINES","item":"https:\/\/pelegrini.hr\/en\/pelegrini-wines\/"},{"@type":"ListItem","position":3,"name":"KUVI vertical"}]},{"@type":"WebSite","@id":"https:\/\/pelegrini.hr\/en\/#website","url":"https:\/\/pelegrini.hr\/en\/","name":"Pelegrini","description":"tavern & wine shop | mediterranean fine dining","publisher":{"@id":"https:\/\/pelegrini.hr\/en\/#organization"},"potentialAction":[{"@type":"SearchAction","target":{"@type":"EntryPoint","urlTemplate":"https:\/\/pelegrini.hr\/en\/?s={search_term_string}"},"query-input":{"@type":"PropertyValueSpecification","valueRequired":true,"valueName":"search_term_string"}}],"inLanguage":"en-US"},{"@type":"Organization","@id":"https:\/\/pelegrini.hr\/en\/#organization","name":"Pelegrini","url":"https:\/\/pelegrini.hr\/en\/","logo":{"@type":"ImageObject","inLanguage":"en-US","@id":"https:\/\/pelegrini.hr\/en\/#\/schema\/logo\/image\/","url":"https:\/\/pelegrini.hr\/wp-content\/uploads\/2025\/04\/cropped-cropped-Pelegrini-logo-25.png","contentUrl":"https:\/\/pelegrini.hr\/wp-content\/uploads\/2025\/04\/cropped-cropped-Pelegrini-logo-25.png","width":360,"height":183,"caption":"Pelegrini"},"image":{"@id":"https:\/\/pelegrini.hr\/en\/#\/schema\/logo\/image\/"},"sameAs":["https:\/\/www.facebook.com\/pelegrini.sibenik\/","https:\/\/www.instagram.com\/pelegrini_sibenik\/"]}]}},"_links":{"self":[{"href":"https:\/\/pelegrini.hr\/en\/wp-json\/wp\/v2\/product\/1361","targetHints":{"allow":["GET"]}}],"collection":[{"href":"https:\/\/pelegrini.hr\/en\/wp-json\/wp\/v2\/product"}],"about":[{"href":"https:\/\/pelegrini.hr\/en\/wp-json\/wp\/v2\/types\/product"}],"wp:featuredmedia":[{"embeddable":true,"href":"https:\/\/pelegrini.hr\/en\/wp-json\/wp\/v2\/media\/1497"}],"wp:attachment":[{"href":"https:\/\/pelegrini.hr\/en\/wp-json\/wp\/v2\/media?parent=1361"}],"wp:term":[{"taxonomy":"product_brand","embeddable":true,"href":"https:\/\/pelegrini.hr\/en\/wp-json\/wp\/v2\/product_brand?post=1361"},{"taxonomy":"product_cat","embeddable":true,"href":"https:\/\/pelegrini.hr\/en\/wp-json\/wp\/v2\/product_cat?post=1361"},{"taxonomy":"product_tag","embeddable":true,"href":"https:\/\/pelegrini.hr\/en\/wp-json\/wp\/v2\/product_tag?post=1361"}],"curies":[{"name":"wp","href":"https:\/\/api.w.org\/{rel}","templated":true}]}}